{"id":2280,"date":"2025-05-28T12:02:06","date_gmt":"2025-05-28T10:02:06","guid":{"rendered":"https:\/\/b2bike.re\/?page_id=2280"},"modified":"2025-05-28T14:19:39","modified_gmt":"2025-05-28T12:19:39","slug":"ouverture-de-compte","status":"publish","type":"page","link":"https:\/\/b2bike.re\/","title":{"rendered":"Ouverture de compte"},"content":{"rendered":"\n\t\t\t<h2 class=\"b2bking_b2bregistration_only_register_header\">\n\t\t\tS&#039;inscrire<\/h2>\n\t\t\t<div class=\"woocommerce\">\n\t\t\t\t<form method=\"post\" class=\"woocommerce-form woocommerce-form-register register\" enctype=\"multipart\/form-data\" >\n\n\t\t\t\t\t\n\t\t\t\t\t\n\t\t\t\t\t<p class=\"woocommerce-form-row woocommerce-form-row--wide form-row form-row-wide\">\n\t\t\t\t\t\t<label for=\"reg_email\">Adresse e-mail&nbsp;<span class=\"required\">*<\/span><\/label>\n\t\t\t\t\t\t<input type=\"email\" class=\"woocommerce-Input woocommerce-Input--text input-text\" name=\"email\" id=\"reg_email\" autocomplete=\"email\" value=\"\" \/>\n\t\t\t\t\t<\/p>\n\n\t\t\t\t\t\n\t\t\t\t\t\t<p>A link to set a new password will be sent to your email address.<\/p>\n\n\t\t\t\t\t\n\t\t\t\t\t\t\t\t\t\t\t<p class=\"woocommerce-form-row woocommerce-form-row--wide form-row form-row-wide b2bking_registration_roles_dropdown_section b2bking_registration_roles_dropdown_section_hidden\">\n\t\t\t\t\t\t\t\t\t\t\t\t\t\t<label for=\"b2bking_registration_roles_dropdown\">\n\t\t\t\t\t\t\t\tType d&#039;utilisateur&nbsp;<span class=\"required\">*<\/span>\n\t\t\t\t\t\t\t<\/label>\n\t\t\t\t\t\t\t<select id=\"b2bking_registration_roles_dropdown\" name=\"b2bking_registration_roles_dropdown\" required>\n\t\t\t\t\t\t\t\t<option value=\"role_8\"  selected='selected'>B2B (v\u00e9rification requise)<\/option>\t\t\t\t\t\t\t<\/select>\n\t\t\t\t\t\t<\/p>\n\t\t\t\t\t\t<div class=\"b2bking_vat_number_registration_field_container b2bking_custom_registration_container b2bking_custom_registration_container_field_691 b2bking_custom_registration_role_8\"><p class=\"woocommerce-form-row woocommerce-form-row--wide form-row form-row-wide \"><label for=\"b2bking_vat_number_registration_field\">TVA&nbsp;<span class=\"required\">*<\/span><\/label><input type=\"text\" id=\"b2bking_vat_number_registration_field\" class=\"b2bking_custom_registration_field b2bking_custom_field_req_required\" name=\"b2bking_custom_field_691\" value=\"\" placeholder=\"Entrez votre num\u00e9ro de TVA ici...\" required><input type=\"hidden\" id=\"b2bking_vat_number_registration_field_countries\" value=\"AT,BE,BG,HR,CY,CZ,DK,EE,FI,FR,DE,GR,HU,IE,IT,LV,LT,LU,MT,NL,PL,PT,RO,SK,SI,ES,SE,AF,ZA,AX,AL,DZ,AS,AD,AO,AI,AQ,AG,SA,AR,AM,AW,AU,AZ,BS,BH,BD,BB,PW,BZ,BJ,BM,BT,BY,BO,BA,BW,BR,BN,BF,BI,KH,CM,CA,CV,CL,CN,CX,CO,KM,CG,CD,KP,KR,CR,CI,CU,CW,DJ,DM,EG,AE,EC,ER,US,ET,FJ,GA,GM,GE,GS,GH,GI,GD,GL,GP,GU,GT,GG,GN,GQ,GW,GY,GF,HT,HN,HK,BV,IM,NF,KY,CC,CK,FK,FO,HM,MH,UM,SB,TC,IN,ID,IR,IQ,IS,IL,JM,JP,JE,JO,KZ,KE,KI,KW,KG,RE,LA,LS,LB,LR,LY,LI,MO,MK,MG,MY,MW,MV,ML,MA,MQ,MU,MR,YT,MX,FM,MD,MC,MN,ME,MS,MZ,MM,NA,NR,NP,NI,NE,NG,NU,MP,NO,NC,NZ,OM,PK,PA,PG,PY,PE,PH,PN,PF,PR,QA,CF,DO,GB,RU,RW,BQ,EH,BL,PM,KN,MF,SX,VC,SH,LC,SV,WS,SM,ST,SN,RS,SC,SL,SG,SO,SD,SS,LK,CH,SR,SJ,SZ,SY,TW,TJ,TZ,TD,TF,IO,PS,TH,TL,TG,TK,TO,TT,TN,TM,TR,TV,UG,UA,UY,UZ,VU,VA,VE,VN,VG,VI,WF,YE,ZM,ZW\"><input type=\"hidden\" id=\"b2bking_vat_number_registration_field_number\" name=\"b2bking_vat_number_registration_field_number\" value=\"691\"><\/p><\/div><div class=\" b2bking_custom_registration_container b2bking_custom_registration_container_field_10 b2bking_custom_registration_role_8\"><p class=\"woocommerce-form-row woocommerce-form-row--wide form-row form-row-wide \"><label for=\"b2bking_field_10\">Nom de famille&nbsp;<span class=\"required\">*<\/span><\/label><input type=\"text\" id=\"b2bking_field_10\" class=\"b2bking_custom_registration_field b2bking_custom_field_req_required\" name=\"b2bking_custom_field_10\" value=\"\" placeholder=\"Votre Nom...\" required><\/p><\/div><div class=\" b2bking_custom_registration_container b2bking_custom_registration_container_field_9 b2bking_custom_registration_role_8\"><p class=\"woocommerce-form-row woocommerce-form-row--wide form-row form-row-wide \"><label for=\"b2bking_field_9\">Pr\u00e9nom&nbsp;<span class=\"required\">*<\/span><\/label><input type=\"text\" id=\"b2bking_field_9\" class=\"b2bking_custom_registration_field b2bking_custom_field_req_required\" name=\"b2bking_custom_field_9\" value=\"\" placeholder=\"Votre pr\u00e9nom...\" required><\/p><\/div><div class=\" b2bking_custom_registration_container b2bking_custom_registration_container_field_11 b2bking_custom_registration_role_8\"><p class=\"woocommerce-form-row woocommerce-form-row--wide form-row form-row-wide \"><label for=\"b2bking_field_11\">Nom de Soci\u00e9t\u00e9&nbsp;<span class=\"required\">*<\/span><\/label><input type=\"text\" id=\"b2bking_field_11\" class=\"b2bking_custom_registration_field b2bking_custom_field_req_required\" name=\"b2bking_custom_field_11\" value=\"\" placeholder=\"Votre nom de soci\u00e9t\u00e9 ici...\" required><\/p><\/div><div class=\" b2bking_custom_registration_container b2bking_custom_registration_container_field_12 b2bking_custom_registration_role_8\"><p class=\"woocommerce-form-row woocommerce-form-row--wide form-row form-row-wide \"><label for=\"b2bking_field_12\">Adresse&nbsp;<span class=\"required\">*<\/span><\/label><input type=\"text\" id=\"b2bking_field_12\" class=\"b2bking_custom_registration_field b2bking_custom_field_req_required\" name=\"b2bking_custom_field_12\" value=\"\" placeholder=\"Adresse Compl\u00e8te\" required><\/p><\/div><div class=\" b2bking_custom_registration_container b2bking_custom_registration_container_field_13 b2bking_custom_registration_role_8\"><p class=\"woocommerce-form-row woocommerce-form-row--wide form-row form-row-wide \"><label for=\"b2bking_field_13\">Compl\u00e9ment d'adresse&nbsp;<\/label><input type=\"text\" id=\"b2bking_field_13\" class=\"b2bking_custom_registration_field b2bking_custom_field_req_\" name=\"b2bking_custom_field_13\" value=\"\" placeholder=\"Compl\u00e9ment d&#039;adresse...\" ><\/p><\/div><div class=\" b2bking_custom_registration_container b2bking_custom_registration_container_field_14 b2bking_custom_registration_role_8\"><p class=\"woocommerce-form-row woocommerce-form-row--wide form-row form-row-wide \"><label for=\"b2bking_field_14\">Ville&nbsp;<span class=\"required\">*<\/span><\/label><input type=\"text\" id=\"b2bking_field_14\" class=\"b2bking_custom_registration_field b2bking_custom_field_req_required\" name=\"b2bking_custom_field_14\" value=\"\" placeholder=\"Nom de votre ville...\" required><\/p><\/div><div class=\" b2bking_custom_registration_container b2bking_custom_registration_container_field_15 b2bking_custom_registration_role_8\"><p class=\"woocommerce-form-row woocommerce-form-row--wide form-row form-row-wide \"><label for=\"b2bking_field_15\">Code Postal&nbsp;<span class=\"required\">*<\/span><\/label><input type=\"text\" id=\"b2bking_field_15\" class=\"b2bking_custom_registration_field b2bking_custom_field_req_required\" name=\"b2bking_custom_field_15\" value=\"\" placeholder=\"Votre Code Postal...\" required><\/p><\/div><div class=\" b2bking_custom_registration_container b2bking_custom_registration_container_field_16 b2bking_custom_registration_role_8\"><p class=\"woocommerce-form-row woocommerce-form-row--wide form-row form-row-wide \"><label for=\"b2bking_field_16\">T\u00e9l\u00e9phone&nbsp;<span class=\"required\">*<\/span><\/label><input id=\"b2bking_field_16\" type=\"tel\" class=\"b2bking_custom_registration_field b2bking_custom_field_req_required\" name=\"b2bking_custom_field_16\" value=\"\" placeholder=\"T\u00e9l\u00e9phone...\" required><\/p><\/div><wc-order-attribution-inputs><\/wc-order-attribution-inputs><div class=\"woocommerce-privacy-policy-text\"><p>Vos donn\u00e9es personnelles seront utilis\u00e9es pour vous accompagner au cours de votre visite du site web, g\u00e9rer l\u2019acc\u00e8s \u00e0 votre compte, et pour d\u2019autres raisons d\u00e9crites dans notre <a href=\"https:\/\/b2bike.re\/?page_id=2\" class=\"woocommerce-privacy-policy-link\" target=\"_blank\">politique de confidentialit\u00e9<\/a>.<\/p>\n<\/div>\n\t\t\t\t\t<p class=\"woocommerce-form-row form-row\">\n\t\t\t\t\t\t<input type=\"hidden\" id=\"woocommerce-register-nonce\" name=\"woocommerce-register-nonce\" value=\"13281225cc\" \/><input type=\"hidden\" name=\"_wp_http_referer\" value=\"\/index.php?rest_route=%2Fwp%2Fv2%2Fpages%2F2280\" \/>\t\t\t\t\t\t<button type=\"submit\" class=\"woocommerce-Button woocommerce-button button woocommerce-form-register__submit\" name=\"register\" value=\"S&#039;inscrire\">S&#039;inscrire<\/button>\n\t\t\t\t\t<\/p>\n\n\t\t\t\t\t\n\t\t\t\t<\/form>\n\t\t\t<\/div>\n\t\t\t\n<p>Une fois l&rsquo;enregistrement termin\u00e9, vous recevrez un lien par email pour envoyer RIB et KBIS<\/p>\n\n","protected":false},"excerpt":{"rendered":"","protected":false},"author":4,"featured_media":0,"parent":0,"menu_order":0,"comment_status":"closed","ping_status":"closed","template":"","meta":{"footnotes":""},"class_list":["post-2280","page","type-page","status-publish","hentry"],"_links":{"self":[{"href":"https:\/\/b2bike.re\/index.php?rest_route=\/wp\/v2\/pages\/2280","targetHints":{"allow":["GET"]}}],"collection":[{"href":"https:\/\/b2bike.re\/index.php?rest_route=\/wp\/v2\/pages"}],"about":[{"href":"https:\/\/b2bike.re\/index.php?rest_route=\/wp\/v2\/types\/page"}],"author":[{"embeddable":true,"href":"https:\/\/b2bike.re\/index.php?rest_route=\/wp\/v2\/users\/4"}],"replies":[{"embeddable":true,"href":"https:\/\/b2bike.re\/index.php?rest_route=%2Fwp%2Fv2%2Fcomments&post=2280"}],"version-history":[{"count":7,"href":"https:\/\/b2bike.re\/index.php?rest_route=\/wp\/v2\/pages\/2280\/revisions"}],"predecessor-version":[{"id":2290,"href":"https:\/\/b2bike.re\/index.php?rest_route=\/wp\/v2\/pages\/2280\/revisions\/2290"}],"wp:attachment":[{"href":"https:\/\/b2bike.re\/index.php?rest_route=%2Fwp%2Fv2%2Fmedia&parent=2280"}],"curies":[{"name":"wp","href":"https:\/\/api.w.org\/{rel}","templated":true}]}}